{"id":1578,"date":"2025-06-20T13:25:40","date_gmt":"2025-06-20T11:25:40","guid":{"rendered":"https:\/\/www.bang-olufsen-sav.com\/news-and-clearance\/"},"modified":"2026-04-03T10:05:32","modified_gmt":"2026-04-03T08:05:32","slug":"news-and-clearance","status":"publish","type":"page","link":"https:\/\/www.bang-olufsen-sav.com\/en\/news-and-clearance\/","title":{"rendered":"News and Clearance"},"content":{"rendered":"\t\t<div data-elementor-type=\"wp-page\" data-elementor-id=\"1578\" class=\"elementor elementor-1578 elementor-787\" data-elementor-post-type=\"page\">\n\t\t\t\t<div class=\"elementor-element elementor-element-45ff456 e-flex e-con-boxed e-con e-parent\" data-id=\"45ff456\" data-element_type=\"container\" data-e-type=\"container\">\n\t\t\t\t\t<div class=\"e-con-inner\">\n\t\t<div class=\"elementor-element elementor-element-5855620 e-con-full e-flex e-con e-child\" data-id=\"5855620\" data-element_type=\"container\" data-e-type=\"container\">\n\t\t\t\t<div class=\"elementor-element elementor-element-d26c790 elementor-grid-2 elementor-grid-tablet-2 elementor-grid-mobile-1 elementor-widget elementor-widget-loop-grid\" data-id=\"d26c790\" data-element_type=\"widget\" data-e-type=\"widget\" data-settings=\"{&quot;template_id&quot;:1605,&quot;columns&quot;:2,&quot;pagination_type&quot;:&quot;numbers_and_prev_next&quot;,&quot;_skin&quot;:&quot;post&quot;,&quot;columns_tablet&quot;:&quot;2&quot;,&quot;columns_mobile&quot;:&quot;1&quot;,&quot;edit_handle_selector&quot;:&quot;[data-elementor-type=\\&quot;loop-item\\&quot;]&quot;,&quot;pagination_load_type&quot;:&quot;page_reload&quot;,&quot;row_gap&quot;:{&quot;unit&quot;:&quot;px&quot;,&quot;size&quot;:&quot;&quot;,&quot;sizes&quot;:[]},&quot;row_gap_widescreen&quot;:{&quot;unit&quot;:&quot;px&quot;,&quot;size&quot;:&quot;&quot;,&quot;sizes&quot;:[]},&quot;row_gap_laptop&quot;:{&quot;unit&quot;:&quot;px&quot;,&quot;size&quot;:&quot;&quot;,&quot;sizes&quot;:[]},&quot;row_gap_tablet_extra&quot;:{&quot;unit&quot;:&quot;px&quot;,&quot;size&quot;:&quot;&quot;,&quot;sizes&quot;:[]},&quot;row_gap_tablet&quot;:{&quot;unit&quot;:&quot;px&quot;,&quot;size&quot;:&quot;&quot;,&quot;sizes&quot;:[]},&quot;row_gap_mobile&quot;:{&quot;unit&quot;:&quot;px&quot;,&quot;size&quot;:&quot;&quot;,&quot;sizes&quot;:[]}}\" data-widget_type=\"loop-grid.post\">\n\t\t\t\t<div class=\"elementor-widget-container\">\n\t\t\t\t\t\t\t<div class=\"e-loop-nothing-found-message\">\n\t\t<\/div>\n\t\t\t\t\t\t<\/div>\n\t\t\t\t<\/div>\n\t\t\t\t<\/div>\n\t\t\t\t\t<\/div>\n\t\t\t\t<\/div>\n\t\t<div class=\"elementor-element elementor-element-636145f e-con-full e-flex e-con e-parent\" data-id=\"636145f\" data-element_type=\"container\" data-e-type=\"container\">\n\t\t\t\t<div class=\"elementor-element elementor-element-96899c7 elementor-widget elementor-widget-template\" data-id=\"96899c7\" data-element_type=\"widget\" data-e-type=\"widget\" data-widget_type=\"template.default\">\n\t\t\t\t<div class=\"elementor-widget-container\">\n\t\t\t\t\t\t\t<div class=\"elementor-template\">\n\t\t\t\t\t<div data-elementor-type=\"section\" data-elementor-id=\"1607\" class=\"elementor elementor-1607 elementor-1368 elementor-1368\" data-elementor-post-type=\"elementor_library\">\n\t\t\t<div class=\"elementor-element elementor-element-d2439f8 e-flex e-con-boxed e-con e-parent\" data-id=\"d2439f8\" data-element_type=\"container\" data-e-type=\"container\" data-settings=\"{&quot;background_background&quot;:&quot;classic&quot;}\">\n\t\t\t\t\t<div class=\"e-con-inner\">\n\t\t\t\t<div class=\"elementor-element elementor-element-1c86096 elementor-widget elementor-widget-image\" data-id=\"1c86096\" data-element_type=\"widget\" data-e-type=\"widget\" data-widget_type=\"image.default\">\n\t\t\t\t\t\t\t\t\t\t\t\t\t\t\t<img decoding=\"async\" width=\"100\" height=\"100\" src=\"https:\/\/www.bang-olufsen-sav.com\/wp-content\/uploads\/2025\/05\/email-1.webp\" class=\"attachment-large size-large wp-image-1549\" alt=\"\" \/>\t\t\t\t\t\t\t\t\t\t\t\t\t\t\t<\/div>\n\t\t\t\t<div class=\"elementor-element elementor-element-64e4603 elementor-widget elementor-widget-heading\" data-id=\"64e4603\" data-element_type=\"widget\" data-e-type=\"widget\" data-widget_type=\"heading.default\">\n\t\t\t\t\t<h2 class=\"elementor-heading-title elementor-size-default\">Looking for Bang &amp; Olufsen after-sales service experts <br>and other major Hi-Fi brands in the Beauvais area? <br>Contact us.<\/h2>\t\t\t\t<\/div>\n\t\t\t\t<div class=\"elementor-element elementor-element-ab9c428 elementor-align-right elementor-widget elementor-widget-button\" data-id=\"ab9c428\" data-element_type=\"widget\" data-e-type=\"widget\" data-widget_type=\"button.default\">\n\t\t\t\t\t\t\t\t\t\t<a class=\"elementor-button elementor-button-link elementor-size-sm\" href=\"https:\/\/www.bang-olufsen-sav.com\/en\/contact\/\">\n\t\t\t\t\t\t<span class=\"elementor-button-content-wrapper\">\n\t\t\t\t\t\t\t\t\t<span class=\"elementor-button-text\">Contact Us<\/span>\n\t\t\t\t\t<\/span>\n\t\t\t\t\t<\/a>\n\t\t\t\t\t\t\t\t<\/div>\n\t\t\t\t\t<\/div>\n\t\t\t\t<\/div>\n\t\t\t\t<\/div>\n\t\t\t\t<\/div>\n\t\t\t\t\t\t<\/div>\n\t\t\t\t<\/div>\n\t\t\t\t<\/div>\n\t\t\t\t<\/div>\n\t\t","protected":false},"excerpt":{"rendered":"","protected":false},"author":1,"featured_media":1525,"parent":0,"menu_order":0,"comment_status":"closed","ping_status":"closed","template":"","meta":{"_acf_changed":false,"footnotes":""},"categories":[],"tags":[],"class_list":["post-1578","page","type-page","status-publish","has-post-thumbnail","hentry"],"acf":[],"yoast_head":"<!-- This site is optimized with the Yoast SEO plugin v27.3 - https:\/\/yoast.com\/product\/yoast-seo-wordpress\/ -->\n<title>News and Clearance - MadSystemes<\/title>\n<meta name=\"robots\" content=\"index, follow, max-snippet:-1, max-image-preview:large, max-video-preview:-1\" \/>\n<link rel=\"canonical\" href=\"https:\/\/www.bang-olufsen-sav.com\/en\/news-and-clearance\/\" \/>\n<meta property=\"og:locale\" content=\"en_US\" \/>\n<meta property=\"og:type\" content=\"article\" \/>\n<meta property=\"og:title\" content=\"News and Clearance - MadSystemes\" \/>\n<meta property=\"og:url\" content=\"https:\/\/www.bang-olufsen-sav.com\/en\/news-and-clearance\/\" \/>\n<meta property=\"og:site_name\" content=\"MadSystemes\" \/>\n<meta property=\"article:modified_time\" content=\"2026-04-03T08:05:32+00:00\" \/>\n<meta property=\"og:image\" content=\"https:\/\/www.bang-olufsen-sav.com\/wp-content\/uploads\/2026\/02\/sav_bangolufsen.webp\" \/>\n\t<meta property=\"og:image:width\" content=\"1920\" \/>\n\t<meta property=\"og:image:height\" content=\"582\" \/>\n\t<meta property=\"og:image:type\" content=\"image\/jpeg\" \/>\n<meta name=\"twitter:card\" content=\"summary_large_image\" \/>\n<script type=\"application\/ld+json\" class=\"yoast-schema-graph\">{\"@context\":\"https:\\\/\\\/schema.org\",\"@graph\":[{\"@type\":\"WebPage\",\"@id\":\"https:\\\/\\\/www.bang-olufsen-sav.com\\\/en\\\/news-and-clearance\\\/\",\"url\":\"https:\\\/\\\/www.bang-olufsen-sav.com\\\/en\\\/news-and-clearance\\\/\",\"name\":\"News and Clearance - MadSystemes\",\"isPartOf\":{\"@id\":\"https:\\\/\\\/www.bang-olufsen-sav.com\\\/en\\\/#website\"},\"primaryImageOfPage\":{\"@id\":\"https:\\\/\\\/www.bang-olufsen-sav.com\\\/en\\\/news-and-clearance\\\/#primaryimage\"},\"image\":{\"@id\":\"https:\\\/\\\/www.bang-olufsen-sav.com\\\/en\\\/news-and-clearance\\\/#primaryimage\"},\"thumbnailUrl\":\"https:\\\/\\\/www.bang-olufsen-sav.com\\\/wp-content\\\/uploads\\\/2026\\\/02\\\/sav_bangolufsen.webp\",\"datePublished\":\"2025-06-20T11:25:40+00:00\",\"dateModified\":\"2026-04-03T08:05:32+00:00\",\"breadcrumb\":{\"@id\":\"https:\\\/\\\/www.bang-olufsen-sav.com\\\/en\\\/news-and-clearance\\\/#breadcrumb\"},\"inLanguage\":\"en-US\",\"potentialAction\":[{\"@type\":\"ReadAction\",\"target\":[\"https:\\\/\\\/www.bang-olufsen-sav.com\\\/en\\\/news-and-clearance\\\/\"]}]},{\"@type\":\"ImageObject\",\"inLanguage\":\"en-US\",\"@id\":\"https:\\\/\\\/www.bang-olufsen-sav.com\\\/en\\\/news-and-clearance\\\/#primaryimage\",\"url\":\"https:\\\/\\\/www.bang-olufsen-sav.com\\\/wp-content\\\/uploads\\\/2026\\\/02\\\/sav_bangolufsen.webp\",\"contentUrl\":\"https:\\\/\\\/www.bang-olufsen-sav.com\\\/wp-content\\\/uploads\\\/2026\\\/02\\\/sav_bangolufsen.webp\",\"width\":1920,\"height\":582},{\"@type\":\"BreadcrumbList\",\"@id\":\"https:\\\/\\\/www.bang-olufsen-sav.com\\\/en\\\/news-and-clearance\\\/#breadcrumb\",\"itemListElement\":[{\"@type\":\"ListItem\",\"position\":1,\"name\":\"Accueil\",\"item\":\"https:\\\/\\\/www.bang-olufsen-sav.com\\\/en\\\/home\\\/\"},{\"@type\":\"ListItem\",\"position\":2,\"name\":\"News and Clearance\"}]},{\"@type\":\"WebSite\",\"@id\":\"https:\\\/\\\/www.bang-olufsen-sav.com\\\/en\\\/#website\",\"url\":\"https:\\\/\\\/www.bang-olufsen-sav.com\\\/en\\\/\",\"name\":\"MadSystemes\",\"description\":\"Sp\u00e9cialiste SAV et r\u00e9parations Bang &amp; Olufsen \u00e0 beauvais\",\"publisher\":{\"@id\":\"https:\\\/\\\/www.bang-olufsen-sav.com\\\/en\\\/#organization\"},\"potentialAction\":[{\"@type\":\"SearchAction\",\"target\":{\"@type\":\"EntryPoint\",\"urlTemplate\":\"https:\\\/\\\/www.bang-olufsen-sav.com\\\/en\\\/?s={search_term_string}\"},\"query-input\":{\"@type\":\"PropertyValueSpecification\",\"valueRequired\":true,\"valueName\":\"search_term_string\"}}],\"inLanguage\":\"en-US\"},{\"@type\":\"Organization\",\"@id\":\"https:\\\/\\\/www.bang-olufsen-sav.com\\\/en\\\/#Organization\\\/\",\"name\":\"MadSystemes\",\"url\":\"https:\\\/\\\/www.bang-olufsen-sav.com\\\/en\\\/\",\"logo\":{\"@type\":\"ImageObject\",\"inLanguage\":\"en-US\",\"@id\":\"https:\\\/\\\/www.bang-olufsen-sav.com\\\/en\\\/#\\\/schema\\\/logo\\\/image\\\/\",\"url\":\"https:\\\/\\\/www.bang-olufsen-sav.com\\\/wp-content\\\/uploads\\\/2025\\\/05\\\/mi_ima_bfa78a60df.webp\",\"contentUrl\":\"https:\\\/\\\/www.bang-olufsen-sav.com\\\/wp-content\\\/uploads\\\/2025\\\/05\\\/mi_ima_bfa78a60df.webp\",\"width\":143,\"height\":144,\"caption\":\"MadSystemes\"},\"image\":{\"@id\":\"https:\\\/\\\/www.bang-olufsen-sav.com\\\/en\\\/#\\\/schema\\\/logo\\\/image\\\/\"}}]}<\/script>\n<!-- \/ Yoast SEO plugin. -->","yoast_head_json":{"title":"News and Clearance - MadSystemes","robots":{"index":"index","follow":"follow","max-snippet":"max-snippet:-1","max-image-preview":"max-image-preview:large","max-video-preview":"max-video-preview:-1"},"canonical":"https:\/\/www.bang-olufsen-sav.com\/en\/news-and-clearance\/","og_locale":"en_US","og_type":"article","og_title":"News and Clearance - MadSystemes","og_url":"https:\/\/www.bang-olufsen-sav.com\/en\/news-and-clearance\/","og_site_name":"MadSystemes","article_modified_time":"2026-04-03T08:05:32+00:00","og_image":[{"width":1920,"height":582,"url":"https:\/\/www.bang-olufsen-sav.com\/wp-content\/uploads\/2026\/02\/sav_bangolufsen.webp","type":"image\/jpeg"}],"twitter_card":"summary_large_image","schema":{"@context":"https:\/\/schema.org","@graph":[{"@type":"WebPage","@id":"https:\/\/www.bang-olufsen-sav.com\/en\/news-and-clearance\/","url":"https:\/\/www.bang-olufsen-sav.com\/en\/news-and-clearance\/","name":"News and Clearance - MadSystemes","isPartOf":{"@id":"https:\/\/www.bang-olufsen-sav.com\/en\/#website"},"primaryImageOfPage":{"@id":"https:\/\/www.bang-olufsen-sav.com\/en\/news-and-clearance\/#primaryimage"},"image":{"@id":"https:\/\/www.bang-olufsen-sav.com\/en\/news-and-clearance\/#primaryimage"},"thumbnailUrl":"https:\/\/www.bang-olufsen-sav.com\/wp-content\/uploads\/2026\/02\/sav_bangolufsen.webp","datePublished":"2025-06-20T11:25:40+00:00","dateModified":"2026-04-03T08:05:32+00:00","breadcrumb":{"@id":"https:\/\/www.bang-olufsen-sav.com\/en\/news-and-clearance\/#breadcrumb"},"inLanguage":"en-US","potentialAction":[{"@type":"ReadAction","target":["https:\/\/www.bang-olufsen-sav.com\/en\/news-and-clearance\/"]}]},{"@type":"ImageObject","inLanguage":"en-US","@id":"https:\/\/www.bang-olufsen-sav.com\/en\/news-and-clearance\/#primaryimage","url":"https:\/\/www.bang-olufsen-sav.com\/wp-content\/uploads\/2026\/02\/sav_bangolufsen.webp","contentUrl":"https:\/\/www.bang-olufsen-sav.com\/wp-content\/uploads\/2026\/02\/sav_bangolufsen.webp","width":1920,"height":582},{"@type":"BreadcrumbList","@id":"https:\/\/www.bang-olufsen-sav.com\/en\/news-and-clearance\/#breadcrumb","itemListElement":[{"@type":"ListItem","position":1,"name":"Accueil","item":"https:\/\/www.bang-olufsen-sav.com\/en\/home\/"},{"@type":"ListItem","position":2,"name":"News and Clearance"}]},{"@type":"WebSite","@id":"https:\/\/www.bang-olufsen-sav.com\/en\/#website","url":"https:\/\/www.bang-olufsen-sav.com\/en\/","name":"MadSystemes","description":"Sp\u00e9cialiste SAV et r\u00e9parations Bang &amp; Olufsen \u00e0 beauvais","publisher":{"@id":"https:\/\/www.bang-olufsen-sav.com\/en\/#organization"},"potentialAction":[{"@type":"SearchAction","target":{"@type":"EntryPoint","urlTemplate":"https:\/\/www.bang-olufsen-sav.com\/en\/?s={search_term_string}"},"query-input":{"@type":"PropertyValueSpecification","valueRequired":true,"valueName":"search_term_string"}}],"inLanguage":"en-US"},{"@type":"Organization","@id":"https:\/\/www.bang-olufsen-sav.com\/en\/#Organization\/","name":"MadSystemes","url":"https:\/\/www.bang-olufsen-sav.com\/en\/","logo":{"@type":"ImageObject","inLanguage":"en-US","@id":"https:\/\/www.bang-olufsen-sav.com\/en\/#\/schema\/logo\/image\/","url":"https:\/\/www.bang-olufsen-sav.com\/wp-content\/uploads\/2025\/05\/mi_ima_bfa78a60df.webp","contentUrl":"https:\/\/www.bang-olufsen-sav.com\/wp-content\/uploads\/2025\/05\/mi_ima_bfa78a60df.webp","width":143,"height":144,"caption":"MadSystemes"},"image":{"@id":"https:\/\/www.bang-olufsen-sav.com\/en\/#\/schema\/logo\/image\/"}}]}},"_links":{"self":[{"href":"https:\/\/www.bang-olufsen-sav.com\/en\/wp-json\/wp\/v2\/pages\/1578","targetHints":{"allow":["GET"]}}],"collection":[{"href":"https:\/\/www.bang-olufsen-sav.com\/en\/wp-json\/wp\/v2\/pages"}],"about":[{"href":"https:\/\/www.bang-olufsen-sav.com\/en\/wp-json\/wp\/v2\/types\/page"}],"author":[{"embeddable":true,"href":"https:\/\/www.bang-olufsen-sav.com\/en\/wp-json\/wp\/v2\/users\/1"}],"replies":[{"embeddable":true,"href":"https:\/\/www.bang-olufsen-sav.com\/en\/wp-json\/wp\/v2\/comments?post=1578"}],"version-history":[{"count":1,"href":"https:\/\/www.bang-olufsen-sav.com\/en\/wp-json\/wp\/v2\/pages\/1578\/revisions"}],"predecessor-version":[{"id":1579,"href":"https:\/\/www.bang-olufsen-sav.com\/en\/wp-json\/wp\/v2\/pages\/1578\/revisions\/1579"}],"wp:featuredmedia":[{"embeddable":true,"href":"https:\/\/www.bang-olufsen-sav.com\/en\/wp-json\/wp\/v2\/media\/1525"}],"wp:attachment":[{"href":"https:\/\/www.bang-olufsen-sav.com\/en\/wp-json\/wp\/v2\/media?parent=1578"}],"wp:term":[{"taxonomy":"category","embeddable":true,"href":"https:\/\/www.bang-olufsen-sav.com\/en\/wp-json\/wp\/v2\/categories?post=1578"},{"taxonomy":"post_tag","embeddable":true,"href":"https:\/\/www.bang-olufsen-sav.com\/en\/wp-json\/wp\/v2\/tags?post=1578"}],"curies":[{"name":"wp","href":"https:\/\/api.w.org\/{rel}","templated":true}]}}